{"id":27,"date":"2015-08-20T10:31:29","date_gmt":"2015-08-20T08:31:29","guid":{"rendered":"https:\/\/www.alu-roc.com\/blog\/?page_id=27"},"modified":"2015-08-20T15:00:44","modified_gmt":"2015-08-20T13:00:44","slug":"sobre-alu-roc-com","status":"publish","type":"page","link":"https:\/\/www.alu-roc.com\/blog\/sobre-alu-roc-com\/","title":{"rendered":"QUIENES SOMOS, EN ALU-ROC.COM"},"content":{"rendered":"<div class=\"txtZone\">\n<p><strong><span class=\"color\">ALU-ROC S.C.<\/span><\/strong> es la empresa que se funda por la fusi\u00f3n de dos empresas de tipo familiar, relacionadas con el mundo de la fabricaci\u00f3n y el montaje de Carpinter\u00eda Met\u00e1lica, la mas antigua fundada por <strong><span class=\"color\">Don Florencio Roc Marches<\/span><\/strong> en el a\u00f1o <strong><span class=\"color\">1972<\/span><\/strong>, caracterizada por ofrecer un trato profesional al cliente y una fabricaci\u00f3n propia de alta calidad en nuestras instalaciones de Nonaspe (Zaragoza-ESPA\u00d1A), as\u00ed como un montaje detallista y esmerado.<\/p>\n<p>Durante estos m\u00e1s de cuarenta a\u00f1os de actividad profesional hemos desarrollado proyectos a medida para Hoteles, empresas de Construcci\u00f3n, Ayuntamientos, Museos, etc. Pero nuestros mejores clientes siempre han sido los clientes particulares, en especial los clientes que han sabido valorar todo aquello que nosotros podemos hacer de una manera <span class=\"color\">altamente profesional y personalizada para su vivienda particular<\/span>.<\/p>\n<blockquote><p><span class=\"textoQuien\">La frase que D. Florencio Roc, el fundador de nuestra empresa, siempre comenta con nuestros clientes:<\/span><\/p>\n<p><span class=\"textoQuien\"><span class=\"tipo2textoQuien\">\u00abUn buen profesional aporta soluciones, ahorra mucho dinero, problemas y quebraderos de cabeza al Cliente\u00bb.<\/span><\/span><\/p><\/blockquote>\n<p>Puedes encontrar m\u00e1s informaci\u00f3n acerca de quienes somos, visitando nuestra web: <em><strong><a href=\"http:\/\/www.alu-roc.com\/quienes-somos.php\" target=\"_blank\">Visitar la p\u00e1gina de QUIENES SOMOS de ALU-ROC.COM<\/a><\/strong><\/em><\/p>\n<\/div>\n","protected":false},"excerpt":{"rendered":"<p>ALU-ROC S.C. es la empresa que se funda por la fusi\u00f3n de dos empresas de tipo familiar, relacionadas con el mundo de la fabricaci\u00f3n y el montaje de Carpinter\u00eda Met\u00e1lica, la mas antigua fundada por Don Florencio Roc Marches en el a\u00f1o 1972, caracterizada por ofrecer un trato profesional al cliente y una fabricaci\u00f3n propia &hellip; <a href=\"https:\/\/www.alu-roc.com\/blog\/sobre-alu-roc-com\/\" class=\"more-link\">Continuar leyendo<span class=\"screen-reader-text\"> \u00abQUIENES SOMOS, EN ALU-ROC.COM\u00bb<\/span><\/a><\/p>\n","protected":false},"author":1,"featured_media":0,"parent":0,"menu_order":0,"comment_status":"closed","ping_status":"closed","template":"","meta":[],"_links":{"self":[{"href":"https:\/\/www.alu-roc.com\/blog\/wp-json\/wp\/v2\/pages\/27"}],"collection":[{"href":"https:\/\/www.alu-roc.com\/blog\/wp-json\/wp\/v2\/pages"}],"about":[{"href":"https:\/\/www.alu-roc.com\/blog\/wp-json\/wp\/v2\/types\/page"}],"author":[{"embeddable":true,"href":"https:\/\/www.alu-roc.com\/blog\/wp-json\/wp\/v2\/users\/1"}],"replies":[{"embeddable":true,"href":"https:\/\/www.alu-roc.com\/blog\/wp-json\/wp\/v2\/comments?post=27"}],"version-history":[{"count":6,"href":"https:\/\/www.alu-roc.com\/blog\/wp-json\/wp\/v2\/pages\/27\/revisions"}],"predecessor-version":[{"id":57,"href":"https:\/\/www.alu-roc.com\/blog\/wp-json\/wp\/v2\/pages\/27\/revisions\/57"}],"wp:attachment":[{"href":"https:\/\/www.alu-roc.com\/blog\/wp-json\/wp\/v2\/media?parent=27"}],"curies":[{"name":"wp","href":"https:\/\/api.w.org\/{rel}","templated":true}]}}